{"id":815,"date":"2021-02-18T18:04:06","date_gmt":"2021-02-18T20:04:06","guid":{"rendered":"https:\/\/flavianasampaio.com\/?page_id=815"},"modified":"2025-02-01T15:45:28","modified_gmt":"2025-02-01T18:45:28","slug":"latest-solos","status":"publish","type":"page","link":"https:\/\/flavianasampaio.com\/pt\/latest-solos\/","title":{"rendered":"Solos autorais"},"content":{"rendered":"<div data-elementor-type=\"wp-page\" data-elementor-id=\"815\" class=\"elementor elementor-815\" data-elementor-post-type=\"page\">\n\t\t\t\t<div class=\"elementor-element elementor-element-739cbda e-flex e-con-boxed e-con e-parent\" data-id=\"739cbda\" data-element_type=\"container\" data-settings=\"{&quot;background_background&quot;:&quot;classic&quot;}\">\n\t\t\t\t\t<div class=\"e-con-inner\">\n\t\t<div class=\"elementor-element elementor-element-1ea661c e-con-full e-flex e-con e-child\" data-id=\"1ea661c\" data-element_type=\"container\">\n\t\t\t\t<div class=\"elementor-element elementor-element-85eae9d elementor-widget elementor-widget-spacer\" data-id=\"85eae9d\" data-element_type=\"widget\" data-widget_type=\"spacer.default\">\n\t\t\t\t<div class=\"elementor-widget-container\">\n\t\t\t\t\t\t\t<div class=\"elementor-spacer\">\n\t\t\t<div class=\"elementor-spacer-inner\"><\/div>\n\t\t<\/div>\n\t\t\t\t\t\t<\/div>\n\t\t\t\t<\/div>\n\t\t\t\t<div class=\"elementor-element elementor-element-b1f3c65 elementor-widget elementor-widget-heading\" data-id=\"b1f3c65\" data-element_type=\"widget\" data-widget_type=\"heading.default\">\n\t\t\t\t<div class=\"elementor-widget-container\">\n\t\t\t\t\t<h2 class=\"elementor-heading-title elementor-size-xl\"><b>Solos autorais<\/b><\/h2>\t\t\t\t<\/div>\n\t\t\t\t<\/div>\n\t\t\t\t<\/div>\n\t\t\t\t\t<\/div>\n\t\t\t\t<\/div>\n\t\t<div class=\"elementor-element elementor-element-bc3ac85 e-flex e-con-boxed e-con e-parent\" data-id=\"bc3ac85\" data-element_type=\"container\" data-settings=\"{&quot;background_background&quot;:&quot;classic&quot;}\">\n\t\t\t\t\t<div class=\"e-con-inner\">\n\t\t<div class=\"elementor-element elementor-element-32cf8e2 e-con-full e-flex e-con e-child\" data-id=\"32cf8e2\" data-element_type=\"container\">\n\t\t\t\t<div class=\"elementor-element elementor-element-d198d6b elementor-widget elementor-widget-spacer\" data-id=\"d198d6b\" data-element_type=\"widget\" data-widget_type=\"spacer.default\">\n\t\t\t\t<div class=\"elementor-widget-container\">\n\t\t\t\t\t\t\t<div class=\"elementor-spacer\">\n\t\t\t<div class=\"elementor-spacer-inner\"><\/div>\n\t\t<\/div>\n\t\t\t\t\t\t<\/div>\n\t\t\t\t<\/div>\n\t\t\t\t<div class=\"elementor-element elementor-element-7076912 elementor-widget elementor-widget-text-editor\" data-id=\"7076912\" data-element_type=\"widget\" data-widget_type=\"text-editor.default\">\n\t\t\t\t<div class=\"elementor-widget-container\">\n\t\t\t\t\t\t\t\t\t<p>'Sombreiro' investiga o potencial da ilumina\u00e7\u00e3o c\u00eanica para criar sombras de forma inovadora e preponderante. 'Sombreiro' \u00e9 um dos resultados da pesquisa de Ph.D. em Dan\u00e7a conduzida pela pr\u00e1tica no Reino Unido, com financiamento da Coordena\u00e7\u00e3o e Aperfei\u00e7oamento de Pessoal de N\u00edvel Superior ou de Educa\u00e7\u00e3o (Capes, Brasil).<\/p><p>Onde? The ShowRoom, Chichester, UK<br \/>Quando? 30 de Agosto de 2018<\/p><p>Onde? The Disk Theatre, Prague, Rep\u00fablica Tcheca<br \/>Quando? 6 de Junho de 2019<\/p><p>Where? Scenic Laboratory &#8220;Borislav Gvoji\u0107,&#8221; SCENlab, Novi Sad, Serbia<br \/>When? Monday 21 October 2024<\/p><p>\u00a0<\/p><p><img fetchpriority=\"high\" decoding=\"async\" class=\"aligncenter wp-image-1431\" src=\"https:\/\/flavianasampaio.com\/wp-content\/uploads\/2024\/10\/CAM15895-scaled.webp\" alt=\"\" width=\"960\" height=\"1440\" srcset=\"https:\/\/flavianasampaio.com\/wp-content\/uploads\/2024\/10\/CAM15895-scaled.webp 1707w, https:\/\/flavianasampaio.com\/wp-content\/uploads\/2024\/10\/CAM15895-200x300.webp 200w, https:\/\/flavianasampaio.com\/wp-content\/uploads\/2024\/10\/CAM15895-683x1024.webp 683w, https:\/\/flavianasampaio.com\/wp-content\/uploads\/2024\/10\/CAM15895-768x1152.webp 768w, https:\/\/flavianasampaio.com\/wp-content\/uploads\/2024\/10\/CAM15895-1024x1536.webp 1024w, https:\/\/flavianasampaio.com\/wp-content\/uploads\/2024\/10\/CAM15895-1365x2048.webp 1365w, https:\/\/flavianasampaio.com\/wp-content\/uploads\/2024\/10\/CAM15895-8x12.webp 8w\" sizes=\"(max-width: 960px) 100vw, 960px\" \/><\/p><p><img decoding=\"async\" class=\"aligncenter wp-image-1430\" src=\"https:\/\/flavianasampaio.com\/wp-content\/uploads\/2024\/10\/CAM15954-scaled.webp\" alt=\"\" width=\"960\" height=\"1440\" srcset=\"https:\/\/flavianasampaio.com\/wp-content\/uploads\/2024\/10\/CAM15954-scaled.webp 1707w, https:\/\/flavianasampaio.com\/wp-content\/uploads\/2024\/10\/CAM15954-200x300.webp 200w, https:\/\/flavianasampaio.com\/wp-content\/uploads\/2024\/10\/CAM15954-683x1024.webp 683w, https:\/\/flavianasampaio.com\/wp-content\/uploads\/2024\/10\/CAM15954-768x1152.webp 768w, https:\/\/flavianasampaio.com\/wp-content\/uploads\/2024\/10\/CAM15954-1024x1536.webp 1024w, https:\/\/flavianasampaio.com\/wp-content\/uploads\/2024\/10\/CAM15954-1365x2048.webp 1365w, https:\/\/flavianasampaio.com\/wp-content\/uploads\/2024\/10\/CAM15954-8x12.webp 8w\" sizes=\"(max-width: 960px) 100vw, 960px\" \/><\/p><p><img decoding=\"async\" class=\"aligncenter wp-image-1429\" src=\"https:\/\/flavianasampaio.com\/wp-content\/uploads\/2024\/10\/IMG_7138-scaled.webp\" alt=\"\" width=\"960\" height=\"1440\" srcset=\"https:\/\/flavianasampaio.com\/wp-content\/uploads\/2024\/10\/IMG_7138-scaled.webp 1707w, https:\/\/flavianasampaio.com\/wp-content\/uploads\/2024\/10\/IMG_7138-200x300.webp 200w, https:\/\/flavianasampaio.com\/wp-content\/uploads\/2024\/10\/IMG_7138-683x1024.webp 683w, https:\/\/flavianasampaio.com\/wp-content\/uploads\/2024\/10\/IMG_7138-768x1152.webp 768w, https:\/\/flavianasampaio.com\/wp-content\/uploads\/2024\/10\/IMG_7138-1024x1536.webp 1024w, https:\/\/flavianasampaio.com\/wp-content\/uploads\/2024\/10\/IMG_7138-1365x2048.webp 1365w, https:\/\/flavianasampaio.com\/wp-content\/uploads\/2024\/10\/IMG_7138-8x12.webp 8w\" sizes=\"(max-width: 960px) 100vw, 960px\" \/><\/p><p><img loading=\"lazy\" decoding=\"async\" class=\"aligncenter wp-image-1428\" src=\"https:\/\/flavianasampaio.com\/wp-content\/uploads\/2024\/10\/IMG_7151-scaled.webp\" alt=\"\" width=\"960\" height=\"1440\" srcset=\"https:\/\/flavianasampaio.com\/wp-content\/uploads\/2024\/10\/IMG_7151-scaled.webp 1707w, https:\/\/flavianasampaio.com\/wp-content\/uploads\/2024\/10\/IMG_7151-200x300.webp 200w, https:\/\/flavianasampaio.com\/wp-content\/uploads\/2024\/10\/IMG_7151-683x1024.webp 683w, https:\/\/flavianasampaio.com\/wp-content\/uploads\/2024\/10\/IMG_7151-768x1152.webp 768w, https:\/\/flavianasampaio.com\/wp-content\/uploads\/2024\/10\/IMG_7151-1024x1536.webp 1024w, https:\/\/flavianasampaio.com\/wp-content\/uploads\/2024\/10\/IMG_7151-1365x2048.webp 1365w, https:\/\/flavianasampaio.com\/wp-content\/uploads\/2024\/10\/IMG_7151-8x12.webp 8w\" sizes=\"(max-width: 960px) 100vw, 960px\" \/><\/p><p>Flaviana Xavier Antunes Sampaio na 15\u00aa Quadrienal de Design de Performance e Espa\u00e7o de Praga, Disk Theatre, 2019. Fotos de Jarek V\u016fjtek. Cortesia da Quadrienal de Praga de Design de Performance e Espa\u00e7o.<\/p>\t\t\t\t\t\t\t\t<\/div>\n\t\t\t\t<\/div>\n\t\t\t\t<\/div>\n\t\t\t\t<div class=\"elementor-element elementor-element-feb0e81 elementor-widget-divider--separator-type-pattern elementor-widget-divider--view-line elementor-widget elementor-widget-divider\" data-id=\"feb0e81\" data-element_type=\"widget\" data-widget_type=\"divider.default\">\n\t\t\t\t<div class=\"elementor-widget-container\">\n\t\t\t\t\t\t\t<div class=\"elementor-divider\" style=\"--divider-pattern-url: url(&quot;data:image\/svg+xml,%3Csvg xmlns=&#039;http:\/\/www.w3.org\/2000\/svg&#039; preserveAspectRatio=&#039;none&#039; overflow=&#039;visible&#039; height=&#039;100%&#039; viewBox=&#039;0 0 24 24&#039; fill=&#039;none&#039; stroke=&#039;black&#039; stroke-width=&#039;1&#039; stroke-linecap=&#039;square&#039; stroke-miterlimit=&#039;10&#039;%3E%3Cpolyline points=&#039;0,18 12,6 24,18 &#039;\/%3E%3C\/svg%3E&quot;);\">\n\t\t\t<span class=\"elementor-divider-separator\">\n\t\t\t\t\t\t<\/span>\n\t\t<\/div>\n\t\t\t\t\t\t<\/div>\n\t\t\t\t<\/div>\n\t\t<div class=\"elementor-element elementor-element-b871a0f e-con-full e-flex e-con e-child\" data-id=\"b871a0f\" data-element_type=\"container\">\n\t\t\t\t<div class=\"elementor-element elementor-element-f4497df elementor-widget elementor-widget-spacer\" data-id=\"f4497df\" data-element_type=\"widget\" data-widget_type=\"spacer.default\">\n\t\t\t\t<div class=\"elementor-widget-container\">\n\t\t\t\t\t\t\t<div class=\"elementor-spacer\">\n\t\t\t<div class=\"elementor-spacer-inner\"><\/div>\n\t\t<\/div>\n\t\t\t\t\t\t<\/div>\n\t\t\t\t<\/div>\n\t\t\t\t<div class=\"elementor-element elementor-element-4988560 elementor-widget elementor-widget-text-editor\" data-id=\"4988560\" data-element_type=\"widget\" data-widget_type=\"text-editor.default\">\n\t\t\t\t<div class=\"elementor-widget-container\">\n\t\t\t\t\t\t\t\t\t<p>\u2018Why I dislike Arrocha or how it strengthened my self-love\u2019 (Por que eu n\u00e3o gosto de Arrocha ou como isso fortaleceu meu amor pr\u00f3prio) \u00e9 um solo de dan\u00e7a baseado em  um potpourri de m\u00fasicas de Arrocha - um g\u00eanero popular de m\u00fasica brasileira, cuja tem\u00e1tica aborda hist\u00f3rias de amor. O solo ilustra a jornada pessoal do artista na cultura Arrocha, as formas como ela fortaleceu sua identidade feminina e como isso afetou seu relacionamento com os homens.<\/p><p>Onde? Bethnal Green Working Men's Club, Londres, Reino Unido<br \/>Quando? S\u00e1bado, 10 de fevereiro de 2018<\/p><p><img loading=\"lazy\" decoding=\"async\" class=\"size-full wp-image-816 aligncenter\" src=\"https:\/\/flavianasampaio.com\/wp-content\/uploads\/2021\/02\/073230dee81006467215ac73f9b5aab5_960x560_-0x-0_960x640.jpg\" alt=\"\" width=\"960\" height=\"560\" srcset=\"https:\/\/flavianasampaio.com\/wp-content\/uploads\/2021\/02\/073230dee81006467215ac73f9b5aab5_960x560_-0x-0_960x640.jpg 960w, https:\/\/flavianasampaio.com\/wp-content\/uploads\/2021\/02\/073230dee81006467215ac73f9b5aab5_960x560_-0x-0_960x640-300x175.jpg 300w, https:\/\/flavianasampaio.com\/wp-content\/uploads\/2021\/02\/073230dee81006467215ac73f9b5aab5_960x560_-0x-0_960x640-768x448.jpg 768w\" sizes=\"(max-width: 960px) 100vw, 960px\" \/><\/p><p><img loading=\"lazy\" decoding=\"async\" class=\"size-full wp-image-817 aligncenter\" src=\"https:\/\/flavianasampaio.com\/wp-content\/uploads\/2021\/02\/dbcaec9c94236eb9d9ae002cbe7b1f88_960x620_-0x-0_960x646.95652173914.jpg\" alt=\"\" width=\"960\" height=\"620\" srcset=\"https:\/\/flavianasampaio.com\/wp-content\/uploads\/2021\/02\/dbcaec9c94236eb9d9ae002cbe7b1f88_960x620_-0x-0_960x646.95652173914.jpg 960w, https:\/\/flavianasampaio.com\/wp-content\/uploads\/2021\/02\/dbcaec9c94236eb9d9ae002cbe7b1f88_960x620_-0x-0_960x646.95652173914-300x194.jpg 300w, https:\/\/flavianasampaio.com\/wp-content\/uploads\/2021\/02\/dbcaec9c94236eb9d9ae002cbe7b1f88_960x620_-0x-0_960x646.95652173914-768x496.jpg 768w\" sizes=\"(max-width: 960px) 100vw, 960px\" \/><\/p><p><img loading=\"lazy\" decoding=\"async\" class=\"size-full wp-image-818 aligncenter\" src=\"https:\/\/flavianasampaio.com\/wp-content\/uploads\/2021\/02\/f7933d72435c8fb5889fdaceed4d4293_960x600_40x20_1040x700.jpg\" alt=\"\" width=\"960\" height=\"600\" srcset=\"https:\/\/flavianasampaio.com\/wp-content\/uploads\/2021\/02\/f7933d72435c8fb5889fdaceed4d4293_960x600_40x20_1040x700.jpg 960w, https:\/\/flavianasampaio.com\/wp-content\/uploads\/2021\/02\/f7933d72435c8fb5889fdaceed4d4293_960x600_40x20_1040x700-300x188.jpg 300w, https:\/\/flavianasampaio.com\/wp-content\/uploads\/2021\/02\/f7933d72435c8fb5889fdaceed4d4293_960x600_40x20_1040x700-768x480.jpg 768w\" sizes=\"(max-width: 960px) 100vw, 960px\" \/><\/p><p><img loading=\"lazy\" decoding=\"async\" class=\"size-full wp-image-819 aligncenter\" src=\"https:\/\/flavianasampaio.com\/wp-content\/uploads\/2021\/02\/452c914df10af28ecccfea286ff5dbf3_960x580_-0x-0_960x640.jpg\" alt=\"\" width=\"960\" height=\"580\" srcset=\"https:\/\/flavianasampaio.com\/wp-content\/uploads\/2021\/02\/452c914df10af28ecccfea286ff5dbf3_960x580_-0x-0_960x640.jpg 960w, https:\/\/flavianasampaio.com\/wp-content\/uploads\/2021\/02\/452c914df10af28ecccfea286ff5dbf3_960x580_-0x-0_960x640-300x181.jpg 300w, https:\/\/flavianasampaio.com\/wp-content\/uploads\/2021\/02\/452c914df10af28ecccfea286ff5dbf3_960x580_-0x-0_960x640-768x464.jpg 768w\" sizes=\"(max-width: 960px) 100vw, 960px\" \/><\/p><p>Flaviana Xavier Antunes Sampaio em Deep Trash, Bethnal Green Working Men\u2019s Club, 2018. Fotos de Thomas Hensher. Cortesia de Arts Feminism Queer.<\/p>\t\t\t\t\t\t\t\t<\/div>\n\t\t\t\t<\/div>\n\t\t\t\t<div class=\"elementor-element elementor-element-6b12fda elementor-widget elementor-widget-spacer\" data-id=\"6b12fda\" data-element_type=\"widget\" data-widget_type=\"spacer.default\">\n\t\t\t\t<div class=\"elementor-widget-container\">\n\t\t\t\t\t\t\t<div class=\"elementor-spacer\">\n\t\t\t<div class=\"elementor-spacer-inner\"><\/div>\n\t\t<\/div>\n\t\t\t\t\t\t<\/div>\n\t\t\t\t<\/div>\n\t\t\t\t<\/div>\n\t\t\t\t\t<\/div>\n\t\t\t\t<\/div>\n\t\t\t\t<\/div>","protected":false},"excerpt":{"rendered":"<p>Latest Solos &#8216;Sombreiro&#8217; investigates the potential of stage lighting to create shadows in an innovative and impactful way. It is one of the results of practice-led Ph.D. research in Dance conducted in the United Kingdom, funded by the Coordination for the Improvement of Higher Education Personnel (Capes, Brazil). Where? The ShowRoom, Chichester, UKWhen? Thursday 30 [&hellip;]<\/p>","protected":false},"author":1,"featured_media":0,"parent":0,"menu_order":0,"comment_status":"closed","ping_status":"closed","template":"","meta":{"site-sidebar-layout":"default","site-content-layout":"default","ast-site-content-layout":"default","site-content-style":"default","site-sidebar-style":"default","ast-global-header-display":"","ast-banner-title-visibility":"","ast-main-header-display":"","ast-hfb-above-header-display":"","ast-hfb-below-header-display":"","ast-hfb-mobile-header-display":"","site-post-title":"","ast-breadcrumbs-content":"","ast-featured-img":"","footer-sml-layout":"","theme-transparent-header-meta":"default","adv-header-id-meta":"","stick-header-meta":"","header-above-stick-meta":"","header-main-stick-meta":"","header-below-stick-meta":"","astra-migrate-meta-layouts":"set","ast-page-background-enabled":"default","ast-page-background-meta":{"desktop":{"background-color":"","background-image":"","background-repeat":"repeat","background-position":"center center","background-size":"auto","background-attachment":"scroll","background-type":"","background-media":"","overlay-type":"","overlay-color":"","overlay-opacity":"","overlay-gradient":""},"tablet":{"background-color":"","background-image":"","background-repeat":"repeat","background-position":"center center","background-size":"auto","background-attachment":"scroll","background-type":"","background-media":"","overlay-type":"","overlay-color":"","overlay-opacity":"","overlay-gradient":""},"mobile":{"background-color":"","background-image":"","background-repeat":"repeat","background-position":"center center","background-size":"auto","background-attachment":"scroll","background-type":"","background-media":"","overlay-type":"","overlay-color":"","overlay-opacity":"","overlay-gradient":""}},"ast-content-background-meta":{"desktop":{"background-color":"var(--ast-global-color-5)","background-image":"","background-repeat":"repeat","background-position":"center center","background-size":"auto","background-attachment":"scroll","background-type":"","background-media":"","overlay-type":"","overlay-color":"","overlay-opacity":"","overlay-gradient":""},"tablet":{"background-color":"var(--ast-global-color-5)","background-image":"","background-repeat":"repeat","background-position":"center center","background-size":"auto","background-attachment":"scroll","background-type":"","background-media":"","overlay-type":"","overlay-color":"","overlay-opacity":"","overlay-gradient":""},"mobile":{"background-color":"var(--ast-global-color-5)","background-image":"","background-repeat":"repeat","background-position":"center center","background-size":"auto","background-attachment":"scroll","background-type":"","background-media":"","overlay-type":"","overlay-color":"","overlay-opacity":"","overlay-gradient":""}},"footnotes":""},"class_list":["post-815","page","type-page","status-publish","hentry"],"yoast_head":"<!-- This site is optimized with the Yoast SEO plugin v26.0 - https:\/\/yoast.com\/wordpress\/plugins\/seo\/ -->\n<title>Latest Solos - Flaviana Sampaio<\/title>\n<meta name=\"robots\" content=\"index, follow, max-snippet:-1, max-image-preview:large, max-video-preview:-1\" \/>\n<link rel=\"canonical\" href=\"https:\/\/flavianasampaio.com\/pt\/latest-solos\/\" \/>\n<meta property=\"og:locale\" content=\"pt_BR\" \/>\n<meta property=\"og:type\" content=\"article\" \/>\n<meta property=\"og:title\" content=\"Latest Solos - Flaviana Sampaio\" \/>\n<meta property=\"og:description\" content=\"Latest Solos &#8216;Sombreiro&#8217; investigates the potential of stage lighting to create shadows in an innovative and impactful way. It is one of the results of practice-led Ph.D. research in Dance conducted in the United Kingdom, funded by the Coordination for the Improvement of Higher Education Personnel (Capes, Brazil). Where? The ShowRoom, Chichester, UKWhen? Thursday 30 [&hellip;]\" \/>\n<meta property=\"og:url\" content=\"https:\/\/flavianasampaio.com\/pt\/latest-solos\/\" \/>\n<meta property=\"og:site_name\" content=\"Flaviana Sampaio\" \/>\n<meta property=\"article:modified_time\" content=\"2025-02-01T18:45:28+00:00\" \/>\n<meta property=\"og:image\" content=\"https:\/\/flavianasampaio.com\/wp-content\/uploads\/2024\/10\/CAM15895-scaled.webp\" \/>\n\t<meta property=\"og:image:width\" content=\"1707\" \/>\n\t<meta property=\"og:image:height\" content=\"2560\" \/>\n\t<meta property=\"og:image:type\" content=\"image\/webp\" \/>\n<meta name=\"twitter:card\" content=\"summary_large_image\" \/>\n<meta name=\"twitter:label1\" content=\"Est. tempo de leitura\" \/>\n\t<meta name=\"twitter:data1\" content=\"3 minutos\" \/>\n<script type=\"application\/ld+json\" class=\"yoast-schema-graph\">{\"@context\":\"https:\/\/schema.org\",\"@graph\":[{\"@type\":\"WebPage\",\"@id\":\"https:\/\/flavianasampaio.com\/latest-solos\/\",\"url\":\"https:\/\/flavianasampaio.com\/latest-solos\/\",\"name\":\"Latest Solos - Flaviana Sampaio\",\"isPartOf\":{\"@id\":\"https:\/\/flavianasampaio.com\/#website\"},\"primaryImageOfPage\":{\"@id\":\"https:\/\/flavianasampaio.com\/latest-solos\/#primaryimage\"},\"image\":{\"@id\":\"https:\/\/flavianasampaio.com\/latest-solos\/#primaryimage\"},\"thumbnailUrl\":\"https:\/\/flavianasampaio.com\/wp-content\/uploads\/2024\/10\/CAM15895-scaled.webp\",\"datePublished\":\"2021-02-18T20:04:06+00:00\",\"dateModified\":\"2025-02-01T18:45:28+00:00\",\"breadcrumb\":{\"@id\":\"https:\/\/flavianasampaio.com\/latest-solos\/#breadcrumb\"},\"inLanguage\":\"pt-BR\",\"potentialAction\":[{\"@type\":\"ReadAction\",\"target\":[\"https:\/\/flavianasampaio.com\/latest-solos\/\"]}]},{\"@type\":\"ImageObject\",\"inLanguage\":\"pt-BR\",\"@id\":\"https:\/\/flavianasampaio.com\/latest-solos\/#primaryimage\",\"url\":\"https:\/\/flavianasampaio.com\/wp-content\/uploads\/2024\/10\/CAM15895-scaled.webp\",\"contentUrl\":\"https:\/\/flavianasampaio.com\/wp-content\/uploads\/2024\/10\/CAM15895-scaled.webp\"},{\"@type\":\"BreadcrumbList\",\"@id\":\"https:\/\/flavianasampaio.com\/latest-solos\/#breadcrumb\",\"itemListElement\":[{\"@type\":\"ListItem\",\"position\":1,\"name\":\"Home\",\"item\":\"https:\/\/flavianasampaio.com\/\"},{\"@type\":\"ListItem\",\"position\":2,\"name\":\"Latest Solos\"}]},{\"@type\":\"WebSite\",\"@id\":\"https:\/\/flavianasampaio.com\/#website\",\"url\":\"https:\/\/flavianasampaio.com\/\",\"name\":\"Flaviana Sampaio\",\"description\":\"Dancer, choreographer and lighting designer\u200b\",\"publisher\":{\"@id\":\"https:\/\/flavianasampaio.com\/#\/schema\/person\/0f07d7cf7bf4d0369637908ef42bcc1c\"},\"potentialAction\":[{\"@type\":\"SearchAction\",\"target\":{\"@type\":\"EntryPoint\",\"urlTemplate\":\"https:\/\/flavianasampaio.com\/?s={search_term_string}\"},\"query-input\":{\"@type\":\"PropertyValueSpecification\",\"valueRequired\":true,\"valueName\":\"search_term_string\"}}],\"inLanguage\":\"pt-BR\"},{\"@type\":[\"Person\",\"Organization\"],\"@id\":\"https:\/\/flavianasampaio.com\/#\/schema\/person\/0f07d7cf7bf4d0369637908ef42bcc1c\",\"name\":\"Flaviana Sampaio\",\"image\":{\"@type\":\"ImageObject\",\"inLanguage\":\"pt-BR\",\"@id\":\"https:\/\/flavianasampaio.com\/#\/schema\/person\/image\/\",\"url\":\"https:\/\/flavianasampaio.com\/wp-content\/uploads\/2021\/02\/b19ece583939cca56ab2866797166a6e_1440x700_-0x-0_1440x780.jpg\",\"contentUrl\":\"https:\/\/flavianasampaio.com\/wp-content\/uploads\/2021\/02\/b19ece583939cca56ab2866797166a6e_1440x700_-0x-0_1440x780.jpg\",\"width\":1440,\"height\":700,\"caption\":\"Flaviana Sampaio\"},\"logo\":{\"@id\":\"https:\/\/flavianasampaio.com\/#\/schema\/person\/image\/\"}}]}<\/script>\n<!-- \/ Yoast SEO plugin. -->","yoast_head_json":{"title":"Latest Solos - Flaviana Sampaio","robots":{"index":"index","follow":"follow","max-snippet":"max-snippet:-1","max-image-preview":"max-image-preview:large","max-video-preview":"max-video-preview:-1"},"canonical":"https:\/\/flavianasampaio.com\/pt\/latest-solos\/","og_locale":"pt_BR","og_type":"article","og_title":"Latest Solos - Flaviana Sampaio","og_description":"Latest Solos &#8216;Sombreiro&#8217; investigates the potential of stage lighting to create shadows in an innovative and impactful way. It is one of the results of practice-led Ph.D. research in Dance conducted in the United Kingdom, funded by the Coordination for the Improvement of Higher Education Personnel (Capes, Brazil). Where? The ShowRoom, Chichester, UKWhen? Thursday 30 [&hellip;]","og_url":"https:\/\/flavianasampaio.com\/pt\/latest-solos\/","og_site_name":"Flaviana Sampaio","article_modified_time":"2025-02-01T18:45:28+00:00","og_image":[{"width":1707,"height":2560,"url":"https:\/\/flavianasampaio.com\/wp-content\/uploads\/2024\/10\/CAM15895-scaled.webp","type":"image\/webp"}],"twitter_card":"summary_large_image","twitter_misc":{"Est. tempo de leitura":"3 minutos"},"schema":{"@context":"https:\/\/schema.org","@graph":[{"@type":"WebPage","@id":"https:\/\/flavianasampaio.com\/latest-solos\/","url":"https:\/\/flavianasampaio.com\/latest-solos\/","name":"Latest Solos - Flaviana Sampaio","isPartOf":{"@id":"https:\/\/flavianasampaio.com\/#website"},"primaryImageOfPage":{"@id":"https:\/\/flavianasampaio.com\/latest-solos\/#primaryimage"},"image":{"@id":"https:\/\/flavianasampaio.com\/latest-solos\/#primaryimage"},"thumbnailUrl":"https:\/\/flavianasampaio.com\/wp-content\/uploads\/2024\/10\/CAM15895-scaled.webp","datePublished":"2021-02-18T20:04:06+00:00","dateModified":"2025-02-01T18:45:28+00:00","breadcrumb":{"@id":"https:\/\/flavianasampaio.com\/latest-solos\/#breadcrumb"},"inLanguage":"pt-BR","potentialAction":[{"@type":"ReadAction","target":["https:\/\/flavianasampaio.com\/latest-solos\/"]}]},{"@type":"ImageObject","inLanguage":"pt-BR","@id":"https:\/\/flavianasampaio.com\/latest-solos\/#primaryimage","url":"https:\/\/flavianasampaio.com\/wp-content\/uploads\/2024\/10\/CAM15895-scaled.webp","contentUrl":"https:\/\/flavianasampaio.com\/wp-content\/uploads\/2024\/10\/CAM15895-scaled.webp"},{"@type":"BreadcrumbList","@id":"https:\/\/flavianasampaio.com\/latest-solos\/#breadcrumb","itemListElement":[{"@type":"ListItem","position":1,"name":"Home","item":"https:\/\/flavianasampaio.com\/"},{"@type":"ListItem","position":2,"name":"Latest Solos"}]},{"@type":"WebSite","@id":"https:\/\/flavianasampaio.com\/#website","url":"https:\/\/flavianasampaio.com\/","name":"Flaviana Sampaio","description":"Dan\u00e7arina, core\u00f3grafa e iluminadora","publisher":{"@id":"https:\/\/flavianasampaio.com\/#\/schema\/person\/0f07d7cf7bf4d0369637908ef42bcc1c"},"potentialAction":[{"@type":"SearchAction","target":{"@type":"EntryPoint","urlTemplate":"https:\/\/flavianasampaio.com\/?s={search_term_string}"},"query-input":{"@type":"PropertyValueSpecification","valueRequired":true,"valueName":"search_term_string"}}],"inLanguage":"pt-BR"},{"@type":["Person","Organization"],"@id":"https:\/\/flavianasampaio.com\/#\/schema\/person\/0f07d7cf7bf4d0369637908ef42bcc1c","name":"Flaviana Sampaio","image":{"@type":"ImageObject","inLanguage":"pt-BR","@id":"https:\/\/flavianasampaio.com\/#\/schema\/person\/image\/","url":"https:\/\/flavianasampaio.com\/wp-content\/uploads\/2021\/02\/b19ece583939cca56ab2866797166a6e_1440x700_-0x-0_1440x780.jpg","contentUrl":"https:\/\/flavianasampaio.com\/wp-content\/uploads\/2021\/02\/b19ece583939cca56ab2866797166a6e_1440x700_-0x-0_1440x780.jpg","width":1440,"height":700,"caption":"Flaviana Sampaio"},"logo":{"@id":"https:\/\/flavianasampaio.com\/#\/schema\/person\/image\/"}}]}},"_links":{"self":[{"href":"https:\/\/flavianasampaio.com\/pt\/wp-json\/wp\/v2\/pages\/815","targetHints":{"allow":["GET"]}}],"collection":[{"href":"https:\/\/flavianasampaio.com\/pt\/wp-json\/wp\/v2\/pages"}],"about":[{"href":"https:\/\/flavianasampaio.com\/pt\/wp-json\/wp\/v2\/types\/page"}],"author":[{"embeddable":true,"href":"https:\/\/flavianasampaio.com\/pt\/wp-json\/wp\/v2\/users\/1"}],"replies":[{"embeddable":true,"href":"https:\/\/flavianasampaio.com\/pt\/wp-json\/wp\/v2\/comments?post=815"}],"version-history":[{"count":47,"href":"https:\/\/flavianasampaio.com\/pt\/wp-json\/wp\/v2\/pages\/815\/revisions"}],"predecessor-version":[{"id":1558,"href":"https:\/\/flavianasampaio.com\/pt\/wp-json\/wp\/v2\/pages\/815\/revisions\/1558"}],"wp:attachment":[{"href":"https:\/\/flavianasampaio.com\/pt\/wp-json\/wp\/v2\/media?parent=815"}],"curies":[{"name":"wp","href":"https:\/\/api.w.org\/{rel}","templated":true}]}}