{"id":721,"date":"2021-02-18T16:06:57","date_gmt":"2021-02-18T18:06:57","guid":{"rendered":"https:\/\/flavianasampaio.com\/?page_id=721"},"modified":"2024-10-19T09:24:13","modified_gmt":"2024-10-19T12:24:13","slug":"about","status":"publish","type":"page","link":"https:\/\/flavianasampaio.com\/pt\/about\/","title":{"rendered":"Sobre"},"content":{"rendered":"<div data-elementor-type=\"wp-page\" data-elementor-id=\"721\" class=\"elementor elementor-721\" data-elementor-post-type=\"page\">\n\t\t\t\t\t\t<section class=\"elementor-section elementor-top-section elementor-element elementor-element-5fb5b381 elementor-section-boxed elementor-section-height-default elementor-section-height-default\" data-id=\"5fb5b381\" data-element_type=\"section\" data-settings=\"{&quot;background_background&quot;:&quot;classic&quot;}\">\n\t\t\t\t\t\t<div class=\"elementor-container elementor-column-gap-default\">\n\t\t\t\t\t<div class=\"elementor-column elementor-col-100 elementor-top-column elementor-element elementor-element-7b571d78\" data-id=\"7b571d78\" data-element_type=\"column\" data-settings=\"{&quot;background_background&quot;:&quot;classic&quot;}\">\n\t\t\t<div class=\"elementor-widget-wrap elementor-element-populated\">\n\t\t\t\t\t<div class=\"elementor-background-overlay\"><\/div>\n\t\t\t\t\t\t<div class=\"elementor-element elementor-element-a024f16 elementor-widget elementor-widget-heading\" data-id=\"a024f16\" data-element_type=\"widget\" data-widget_type=\"heading.default\">\n\t\t\t\t<div class=\"elementor-widget-container\">\n\t\t\t\t\t<h1 class=\"elementor-heading-title elementor-size-default\">Sobre<\/h1>\t\t\t\t<\/div>\n\t\t\t\t<\/div>\n\t\t\t\t<div class=\"elementor-element elementor-element-fe40840 elementor-widget elementor-widget-text-editor\" data-id=\"fe40840\" data-element_type=\"widget\" data-widget_type=\"text-editor.default\">\n\t\t\t\t<div class=\"elementor-widget-container\">\n\t\t\t\t\t\t\t\t\t<p>Flaviana Xavier Antunes Sampaio \u00e9 uma core\u00f3grafa, dan\u00e7arina e designer de ilumina\u00e7\u00e3o brasileira. Seu treinamento de dan\u00e7a inclui bal\u00e9, dan\u00e7a afro brasileira, dan\u00e7a moderna e contempor\u00e2nea. Ela tem experi\u00eancia em criar e apresentar solos de dan\u00e7a, e j\u00e1 trabalhou com artistas do Brasil, EUA e Alemanha \/ Su\u00ed\u00e7a. Xavier Antunes Sampaio colaborou com Pakito Lazaro ('Do Abstrato ao Concreto' no Teatro Xisto, Salvador, 2013), Leda Muhana e David Iannitelli ('Mobius' no Teatro Nelson Rodrigues, Rio de Janeiro, Brasil (novembro de 2008) ), Daniel Gwirtzman ('Renascimento' no Teatro Gregorio de Mattos, Salvador, 2003), Stefan Kaegi ('Matraca Catraca' no Goethe-Institut, Salvador, 2002), entre outros artistas.<\/p><p>Atualmente,\u00a0Xavier Antunes Sampaio \u00e9 professora adjunta\u00a0nos cursos de Dan\u00e7a e Teatro da Universidade Estadual do Sudoeste da Bahia (2011-).<\/p>\t\t\t\t\t\t\t\t<\/div>\n\t\t\t\t<\/div>\n\t\t\t\t<div class=\"elementor-element elementor-element-7e50667 elementor-align-left elementor-widget elementor-widget-button\" data-id=\"7e50667\" data-element_type=\"widget\" data-widget_type=\"button.default\">\n\t\t\t\t<div class=\"elementor-widget-container\">\n\t\t\t\t\t\t\t\t\t<div class=\"elementor-button-wrapper\">\n\t\t\t\t\t<a class=\"elementor-button elementor-button-link elementor-size-sm\" href=\"https:\/\/flavianasampaio.com\/wp-content\/uploads\/2021\/02\/FXASS.CV2025.pdf\">\n\t\t\t\t\t\t<span class=\"elementor-button-content-wrapper\">\n\t\t\t\t\t\t\t\t\t<span class=\"elementor-button-text\">CV<\/span>\n\t\t\t\t\t<\/span>\n\t\t\t\t\t<\/a>\n\t\t\t\t<\/div>\n\t\t\t\t\t\t\t\t<\/div>\n\t\t\t\t<\/div>\n\t\t\t\t<div class=\"elementor-element elementor-element-c3da6c0 elementor-widget elementor-widget-spacer\" data-id=\"c3da6c0\" data-element_type=\"widget\" data-widget_type=\"spacer.default\">\n\t\t\t\t<div class=\"elementor-widget-container\">\n\t\t\t\t\t\t\t<div class=\"elementor-spacer\">\n\t\t\t<div class=\"elementor-spacer-inner\"><\/div>\n\t\t<\/div>\n\t\t\t\t\t\t<\/div>\n\t\t\t\t<\/div>\n\t\t\t\t\t<\/div>\n\t\t<\/div>\n\t\t\t\t\t<\/div>\n\t\t<\/section>\n\t\t\t\t<\/div>","protected":false},"excerpt":{"rendered":"<p>About Flaviana Xavier Antunes Sampaio is a Brazilian choreographer, dancer and lighting designer. Her dance training includes ballet, Afro Brazilian dance, modern and contemporary dance. She has experience in creating and performing solo, and she has worked with artists from Brazil, USA and Germany\/Switzerland. Xavier Antunes Sampaio has collaborated with Pakito Lazaro (&#8216;From the Abstract [&hellip;]<\/p>","protected":false},"author":1,"featured_media":0,"parent":0,"menu_order":0,"comment_status":"closed","ping_status":"closed","template":"","meta":{"site-sidebar-layout":"default","site-content-layout":"default","ast-site-content-layout":"default","site-content-style":"default","site-sidebar-style":"default","ast-global-header-display":"","ast-banner-title-visibility":"","ast-main-header-display":"","ast-hfb-above-header-display":"","ast-hfb-below-header-display":"","ast-hfb-mobile-header-display":"","site-post-title":"","ast-breadcrumbs-content":"","ast-featured-img":"","footer-sml-layout":"","theme-transparent-header-meta":"default","adv-header-id-meta":"","stick-header-meta":"","header-above-stick-meta":"","header-main-stick-meta":"","header-below-stick-meta":"","astra-migrate-meta-layouts":"default","ast-page-background-enabled":"default","ast-page-background-meta":{"desktop":{"background-color":"","background-image":"","background-repeat":"repeat","background-position":"center center","background-size":"auto","background-attachment":"scroll","background-type":"","background-media":"","overlay-type":"","overlay-color":"","overlay-opacity":"","overlay-gradient":""},"tablet":{"background-color":"","background-image":"","background-repeat":"repeat","background-position":"center center","background-size":"auto","background-attachment":"scroll","background-type":"","background-media":"","overlay-type":"","overlay-color":"","overlay-opacity":"","overlay-gradient":""},"mobile":{"background-color":"","background-image":"","background-repeat":"repeat","background-position":"center center","background-size":"auto","background-attachment":"scroll","background-type":"","background-media":"","overlay-type":"","overlay-color":"","overlay-opacity":"","overlay-gradient":""}},"ast-content-background-meta":{"desktop":{"background-color":"var(--ast-global-color-5)","background-image":"","background-repeat":"repeat","background-position":"center center","background-size":"auto","background-attachment":"scroll","background-type":"","background-media":"","overlay-type":"","overlay-color":"","overlay-opacity":"","overlay-gradient":""},"tablet":{"background-color":"var(--ast-global-color-5)","background-image":"","background-repeat":"repeat","background-position":"center center","background-size":"auto","background-attachment":"scroll","background-type":"","background-media":"","overlay-type":"","overlay-color":"","overlay-opacity":"","overlay-gradient":""},"mobile":{"background-color":"var(--ast-global-color-5)","background-image":"","background-repeat":"repeat","background-position":"center center","background-size":"auto","background-attachment":"scroll","background-type":"","background-media":"","overlay-type":"","overlay-color":"","overlay-opacity":"","overlay-gradient":""}},"footnotes":""},"class_list":["post-721","page","type-page","status-publish","hentry"],"yoast_head":"<!-- This site is optimized with the Yoast SEO plugin v26.0 - https:\/\/yoast.com\/wordpress\/plugins\/seo\/ -->\n<title>About - Flaviana Sampaio<\/title>\n<meta name=\"robots\" content=\"index, follow, max-snippet:-1, max-image-preview:large, max-video-preview:-1\" \/>\n<link rel=\"canonical\" href=\"https:\/\/flavianasampaio.com\/pt\/about\/\" \/>\n<meta property=\"og:locale\" content=\"pt_BR\" \/>\n<meta property=\"og:type\" content=\"article\" \/>\n<meta property=\"og:title\" content=\"About - Flaviana Sampaio\" \/>\n<meta property=\"og:description\" content=\"About Flaviana Xavier Antunes Sampaio is a Brazilian choreographer, dancer and lighting designer. Her dance training includes ballet, Afro Brazilian dance, modern and contemporary dance. She has experience in creating and performing solo, and she has worked with artists from Brazil, USA and Germany\/Switzerland. Xavier Antunes Sampaio has collaborated with Pakito Lazaro (&#8216;From the Abstract [&hellip;]\" \/>\n<meta property=\"og:url\" content=\"https:\/\/flavianasampaio.com\/pt\/about\/\" \/>\n<meta property=\"og:site_name\" content=\"Flaviana Sampaio\" \/>\n<meta property=\"article:modified_time\" content=\"2024-10-19T12:24:13+00:00\" \/>\n<meta property=\"og:image\" content=\"https:\/\/flavianasampaio.com\/wp-content\/uploads\/2021\/02\/b19ece583939cca56ab2866797166a6e_1440x700_-0x-0_1440x780.jpg\" \/>\n\t<meta property=\"og:image:width\" content=\"1440\" \/>\n\t<meta property=\"og:image:height\" content=\"700\" \/>\n\t<meta property=\"og:image:type\" content=\"image\/jpeg\" \/>\n<meta name=\"twitter:card\" content=\"summary_large_image\" \/>\n<meta name=\"twitter:label1\" content=\"Est. tempo de leitura\" \/>\n\t<meta name=\"twitter:data1\" content=\"1 minuto\" \/>\n<script type=\"application\/ld+json\" class=\"yoast-schema-graph\">{\"@context\":\"https:\/\/schema.org\",\"@graph\":[{\"@type\":\"WebPage\",\"@id\":\"https:\/\/flavianasampaio.com\/about\/\",\"url\":\"https:\/\/flavianasampaio.com\/about\/\",\"name\":\"About - Flaviana Sampaio\",\"isPartOf\":{\"@id\":\"https:\/\/flavianasampaio.com\/#website\"},\"datePublished\":\"2021-02-18T18:06:57+00:00\",\"dateModified\":\"2024-10-19T12:24:13+00:00\",\"breadcrumb\":{\"@id\":\"https:\/\/flavianasampaio.com\/about\/#breadcrumb\"},\"inLanguage\":\"pt-BR\",\"potentialAction\":[{\"@type\":\"ReadAction\",\"target\":[\"https:\/\/flavianasampaio.com\/about\/\"]}]},{\"@type\":\"BreadcrumbList\",\"@id\":\"https:\/\/flavianasampaio.com\/about\/#breadcrumb\",\"itemListElement\":[{\"@type\":\"ListItem\",\"position\":1,\"name\":\"Home\",\"item\":\"https:\/\/flavianasampaio.com\/\"},{\"@type\":\"ListItem\",\"position\":2,\"name\":\"About\"}]},{\"@type\":\"WebSite\",\"@id\":\"https:\/\/flavianasampaio.com\/#website\",\"url\":\"https:\/\/flavianasampaio.com\/\",\"name\":\"Flaviana Sampaio\",\"description\":\"Dancer, choreographer and lighting designer\u200b\",\"publisher\":{\"@id\":\"https:\/\/flavianasampaio.com\/#\/schema\/person\/0f07d7cf7bf4d0369637908ef42bcc1c\"},\"potentialAction\":[{\"@type\":\"SearchAction\",\"target\":{\"@type\":\"EntryPoint\",\"urlTemplate\":\"https:\/\/flavianasampaio.com\/?s={search_term_string}\"},\"query-input\":{\"@type\":\"PropertyValueSpecification\",\"valueRequired\":true,\"valueName\":\"search_term_string\"}}],\"inLanguage\":\"pt-BR\"},{\"@type\":[\"Person\",\"Organization\"],\"@id\":\"https:\/\/flavianasampaio.com\/#\/schema\/person\/0f07d7cf7bf4d0369637908ef42bcc1c\",\"name\":\"Flaviana Sampaio\",\"image\":{\"@type\":\"ImageObject\",\"inLanguage\":\"pt-BR\",\"@id\":\"https:\/\/flavianasampaio.com\/#\/schema\/person\/image\/\",\"url\":\"https:\/\/flavianasampaio.com\/wp-content\/uploads\/2021\/02\/b19ece583939cca56ab2866797166a6e_1440x700_-0x-0_1440x780.jpg\",\"contentUrl\":\"https:\/\/flavianasampaio.com\/wp-content\/uploads\/2021\/02\/b19ece583939cca56ab2866797166a6e_1440x700_-0x-0_1440x780.jpg\",\"width\":1440,\"height\":700,\"caption\":\"Flaviana Sampaio\"},\"logo\":{\"@id\":\"https:\/\/flavianasampaio.com\/#\/schema\/person\/image\/\"}}]}<\/script>\n<!-- \/ Yoast SEO plugin. -->","yoast_head_json":{"title":"About - Flaviana Sampaio","robots":{"index":"index","follow":"follow","max-snippet":"max-snippet:-1","max-image-preview":"max-image-preview:large","max-video-preview":"max-video-preview:-1"},"canonical":"https:\/\/flavianasampaio.com\/pt\/about\/","og_locale":"pt_BR","og_type":"article","og_title":"About - Flaviana Sampaio","og_description":"About Flaviana Xavier Antunes Sampaio is a Brazilian choreographer, dancer and lighting designer. Her dance training includes ballet, Afro Brazilian dance, modern and contemporary dance. She has experience in creating and performing solo, and she has worked with artists from Brazil, USA and Germany\/Switzerland. Xavier Antunes Sampaio has collaborated with Pakito Lazaro (&#8216;From the Abstract [&hellip;]","og_url":"https:\/\/flavianasampaio.com\/pt\/about\/","og_site_name":"Flaviana Sampaio","article_modified_time":"2024-10-19T12:24:13+00:00","og_image":[{"width":1440,"height":700,"url":"https:\/\/flavianasampaio.com\/wp-content\/uploads\/2021\/02\/b19ece583939cca56ab2866797166a6e_1440x700_-0x-0_1440x780.jpg","type":"image\/jpeg"}],"twitter_card":"summary_large_image","twitter_misc":{"Est. tempo de leitura":"1 minuto"},"schema":{"@context":"https:\/\/schema.org","@graph":[{"@type":"WebPage","@id":"https:\/\/flavianasampaio.com\/about\/","url":"https:\/\/flavianasampaio.com\/about\/","name":"About - Flaviana Sampaio","isPartOf":{"@id":"https:\/\/flavianasampaio.com\/#website"},"datePublished":"2021-02-18T18:06:57+00:00","dateModified":"2024-10-19T12:24:13+00:00","breadcrumb":{"@id":"https:\/\/flavianasampaio.com\/about\/#breadcrumb"},"inLanguage":"pt-BR","potentialAction":[{"@type":"ReadAction","target":["https:\/\/flavianasampaio.com\/about\/"]}]},{"@type":"BreadcrumbList","@id":"https:\/\/flavianasampaio.com\/about\/#breadcrumb","itemListElement":[{"@type":"ListItem","position":1,"name":"Home","item":"https:\/\/flavianasampaio.com\/"},{"@type":"ListItem","position":2,"name":"About"}]},{"@type":"WebSite","@id":"https:\/\/flavianasampaio.com\/#website","url":"https:\/\/flavianasampaio.com\/","name":"Flaviana Sampaio","description":"Dan\u00e7arina, core\u00f3grafa e iluminadora","publisher":{"@id":"https:\/\/flavianasampaio.com\/#\/schema\/person\/0f07d7cf7bf4d0369637908ef42bcc1c"},"potentialAction":[{"@type":"SearchAction","target":{"@type":"EntryPoint","urlTemplate":"https:\/\/flavianasampaio.com\/?s={search_term_string}"},"query-input":{"@type":"PropertyValueSpecification","valueRequired":true,"valueName":"search_term_string"}}],"inLanguage":"pt-BR"},{"@type":["Person","Organization"],"@id":"https:\/\/flavianasampaio.com\/#\/schema\/person\/0f07d7cf7bf4d0369637908ef42bcc1c","name":"Flaviana Sampaio","image":{"@type":"ImageObject","inLanguage":"pt-BR","@id":"https:\/\/flavianasampaio.com\/#\/schema\/person\/image\/","url":"https:\/\/flavianasampaio.com\/wp-content\/uploads\/2021\/02\/b19ece583939cca56ab2866797166a6e_1440x700_-0x-0_1440x780.jpg","contentUrl":"https:\/\/flavianasampaio.com\/wp-content\/uploads\/2021\/02\/b19ece583939cca56ab2866797166a6e_1440x700_-0x-0_1440x780.jpg","width":1440,"height":700,"caption":"Flaviana Sampaio"},"logo":{"@id":"https:\/\/flavianasampaio.com\/#\/schema\/person\/image\/"}}]}},"_links":{"self":[{"href":"https:\/\/flavianasampaio.com\/pt\/wp-json\/wp\/v2\/pages\/721","targetHints":{"allow":["GET"]}}],"collection":[{"href":"https:\/\/flavianasampaio.com\/pt\/wp-json\/wp\/v2\/pages"}],"about":[{"href":"https:\/\/flavianasampaio.com\/pt\/wp-json\/wp\/v2\/types\/page"}],"author":[{"embeddable":true,"href":"https:\/\/flavianasampaio.com\/pt\/wp-json\/wp\/v2\/users\/1"}],"replies":[{"embeddable":true,"href":"https:\/\/flavianasampaio.com\/pt\/wp-json\/wp\/v2\/comments?post=721"}],"version-history":[{"count":146,"href":"https:\/\/flavianasampaio.com\/pt\/wp-json\/wp\/v2\/pages\/721\/revisions"}],"predecessor-version":[{"id":1561,"href":"https:\/\/flavianasampaio.com\/pt\/wp-json\/wp\/v2\/pages\/721\/revisions\/1561"}],"wp:attachment":[{"href":"https:\/\/flavianasampaio.com\/pt\/wp-json\/wp\/v2\/media?parent=721"}],"curies":[{"name":"wp","href":"https:\/\/api.w.org\/{rel}","templated":true}]}}